{"id":997,"date":"2015-07-26T19:51:37","date_gmt":"2015-07-26T19:51:37","guid":{"rendered":"http:\/\/test.eerstehulpinternationaal.nl\/?page_id=997"},"modified":"2023-11-07T17:14:15","modified_gmt":"2023-11-07T15:14:15","slug":"andere-veiligheid-opleidingen","status":"publish","type":"page","link":"https:\/\/www.eerstehulpinternationaal.nl\/nl\/andere-veiligheid-opleidingen\/","title":{"rendered":"Andere veiligheid opleidingen"},"content":{"rendered":"\n<div class=\"wp-block-group\"><div class=\"wp-block-group__inner-container is-layout-constrained wp-block-group-is-layout-constrained\">\n<h1 class=\"wp-block-heading\"><img loading=\"lazy\" decoding=\"async\" class=\"alignnone size-medium wp-image-1528\" src=\"http:\/\/www.eerstehulpinternationaal.nl\/wp-content\/uploads\/2015\/07\/Vuurrood-logo-fc-high-res-v2012-1def-300x120.jpg\" alt=\"Vuurrood logo fc high-res v2012-1def\" width=\"300\" height=\"120\" srcset=\"https:\/\/www.eerstehulpinternationaal.nl\/wp-content\/uploads\/2015\/07\/Vuurrood-logo-fc-high-res-v2012-1def-300x120.jpg 300w, https:\/\/www.eerstehulpinternationaal.nl\/wp-content\/uploads\/2015\/07\/Vuurrood-logo-fc-high-res-v2012-1def-1024x410.jpg 1024w\" sizes=\"auto, (max-width: 300px) 100vw, 300px\" \/><\/h1>\n\n\n\n<p>Als het om bedrijfsveiligheid gaat, bieden wij vanuit Vuurrood Veiligheid een totaalpakket van diensten en opleidingen aan, zoals BHV en VCA. Indien u ge\u00efnteresseerd bent in \u00e9\u00e9n van deze opleidingen kunt u een volledig overzicht vinden op de website <a href=\"http:\/\/www.vuurroodbv.nl\/\" target=\"_blank\" rel=\"noopener\">www.vuurroodbv.nl\/<\/a><\/p>\n\n\n\n<p>Vuurrood Veiligheid biedt verschillende opleidingen aan op het gebied van veiligheid:<\/p>\n\n\n\n<p><strong><a href=\"http:\/\/www.vuurroodbv.nl\/bedrijfshulpverlening\/\" target=\"_blank\" rel=\"noopener\">Bedrijfshulpverlening<\/a> | <a href=\"http:\/\/www.vuurroodbv.nl\/vca-opleidingen\/\" target=\"_blank\" rel=\"noopener\">VCA<\/a> | <a href=\"https:\/\/www.vuurroodbv.nl\/preventie\/\" target=\"_blank\" rel=\"noopener\">Preventie opleidingen<\/a> | <a href=\"http:\/\/www.vuurroodbv.nl\/trainingen\/\" target=\"_blank\" rel=\"noopener\">Trainingen<\/a> |<\/strong><\/p>\n\n\n\n<p>Alle opleidingen en certificeringen worden aan de hand van kwaliteitsrichtlijnen uitgevoerd, van o.a. het Cibot, NRR, NIBHV, KIWA, NIKTA, Oranje Kruis, First Aid International en branche gerichte erkenning BVBN en NVB.<\/p>\n\n\n\n<p>Wij kunnen onze opleidingen en trainingen kenmerken door de volgende punten:<\/p>\n\n\n\n<ul class=\"wp-block-list\">\n<li>Goede didactische leervormen<img loading=\"lazy\" decoding=\"async\" class=\"size-medium wp-image-1527 alignright\" src=\"http:\/\/www.eerstehulpinternationaal.nl\/wp-content\/uploads\/2015\/07\/shutterstock_30946210-300x200.jpg\" alt=\"shutterstock_30946210\" width=\"300\" height=\"200\" srcset=\"https:\/\/www.eerstehulpinternationaal.nl\/wp-content\/uploads\/2015\/07\/shutterstock_30946210-300x200.jpg 300w, https:\/\/www.eerstehulpinternationaal.nl\/wp-content\/uploads\/2015\/07\/shutterstock_30946210-1024x681.jpg 1024w\" sizes=\"auto, (max-width: 300px) 100vw, 300px\" \/><\/li>\n\n\n\n<li>Interactie met de cursist<\/li>\n\n\n\n<li>Zeer hoog slagingspercentage<\/li>\n\n\n\n<li>Kleine groepen<\/li>\n\n\n\n<li>Veel praktijkoefeningen<\/li>\n\n\n\n<li>Maatwerk altijd bespreekbaar en mogelijk<\/li>\n\n\n\n<li>Modern en digitaal lesmateriaal<\/li>\n\n\n\n<li>Kwaliteits opleidingslocaties<\/li>\n\n\n\n<li>Goede prijs-kwaliteitverhouding (prijzen zijn zonder extra kosten)<\/li>\n<\/ul>\n\n\n\n<p>Daarnaast geeft Vuurrood Veiligheid ook <a href=\"https:\/\/www.vuurroodbv.nl\/\" target=\"_self\" rel=\"noopener\">advies, begeleiding en implementatie<\/a> van bijvoorbeeld een <a href=\"https:\/\/www.vuurroodbv.nl\/\" target=\"_self\" rel=\"noopener\">RI&amp;E<\/a> (Risico Inventarisatie &amp; Evaluatie).<\/p>\n\n\n\n<p>In de <a href=\"http:\/\/www.vuurroodbv.nl\/webshop.html\" target=\"_self\" rel=\"noopener\">online webshop<\/a> wordt een scala van preventiemiddelen aangeboden.<\/p>\n\n\n\n<p>Vuurrood Veiligheid verdeelt haar diensten in een aantal categorie\u00ebn:<\/p>\n\n\n\n<p><img loading=\"lazy\" decoding=\"async\" class=\"alignnone size-full wp-image-1524\" src=\"http:\/\/www.eerstehulpinternationaal.nl\/wp-content\/uploads\/2015\/07\/EHBO-Kubus.jpg\" alt=\"EHBO Kubus\" width=\"100\" height=\"100\"><img loading=\"lazy\" decoding=\"async\" class=\"alignnone size-full wp-image-1522\" src=\"http:\/\/www.eerstehulpinternationaal.nl\/wp-content\/uploads\/2015\/07\/Brand-Kubus.jpg\" alt=\"Brand Kubus\" width=\"100\" height=\"100\"><img loading=\"lazy\" decoding=\"async\" class=\"alignnone size-full wp-image-1521\" src=\"http:\/\/www.eerstehulpinternationaal.nl\/wp-content\/uploads\/2015\/07\/Ontruiming-Kubus.jpg\" alt=\"Ontruiming Kubus\" width=\"100\" height=\"100\"><img loading=\"lazy\" decoding=\"async\" class=\"alignnone size-full wp-image-1523\" src=\"http:\/\/www.eerstehulpinternationaal.nl\/wp-content\/uploads\/2015\/07\/Consultancy-Kubus.jpg\" alt=\"Consultancy Kubus\" width=\"100\" height=\"100\"><img loading=\"lazy\" decoding=\"async\" class=\"alignnone size-full wp-image-1525\" src=\"http:\/\/www.eerstehulpinternationaal.nl\/wp-content\/uploads\/2015\/07\/Communicatie-Kubus.jpg\" alt=\"Communicatie Kubus\" width=\"100\" height=\"100\"><img loading=\"lazy\" decoding=\"async\" class=\"alignnone size-full wp-image-1526\" src=\"http:\/\/www.eerstehulpinternationaal.nl\/wp-content\/uploads\/2015\/07\/Webshop-Kubus.jpg\" alt=\"Webshop Kubus\" width=\"100\" height=\"100\"><br><strong> EHBO \/ Brand \/ BHV \/ VCA \/ Communicatie \/&nbsp;<\/strong><strong>Ontruiming &nbsp;\/ Advies &amp; Webshop<\/strong><\/p>\n\n\n\n<div class=\"wp-block-group\"><div class=\"wp-block-group__inner-container is-layout-constrained wp-block-group-is-layout-constrained\">\n<div class=\"wp-block-columns is-layout-flex wp-container-core-columns-is-layout-9d6595d7 wp-block-columns-is-layout-flex\">\n<div class=\"wp-block-column is-layout-flow wp-block-column-is-layout-flow\" style=\"flex-basis:100%\">\n<div class=\"wp-block-group is-vertical is-content-justification-center is-layout-flex wp-container-core-group-is-layout-4b2eccd6 wp-block-group-is-layout-flex\">\n<div class=\"wp-block-group\"><div class=\"wp-block-group__inner-container is-layout-constrained wp-block-group-is-layout-constrained\">\n<a href=\"https:\/\/www.vuurroodbv.nl\/\"><img loading=\"lazy\" decoding=\"async\" class=\"alignleft wp-image-410 size-full\" src=\"http:\/\/www.vuurroodbv.nl\/wp-content\/uploads\/2010\/02\/snelkeuzemenu-opleidingen1.jpg\" alt=\"snelkeuzemenu-opleidingen\" width=\"578\" height=\"39\"><\/a>\n\n\n\n<a href=\"https:\/\/www.vuurroodbv.nl\/bedrijfshulpverlening\/\"><img loading=\"lazy\" decoding=\"async\" class=\"wp-image-406 size-full alignleft\" src=\"http:\/\/www.vuurroodbv.nl\/wp-content\/uploads\/2010\/02\/bhv-homepage1.jpg\" alt=\"bhv-homepage\" width=\"200\" height=\"217\"><\/a><a href=\"https:\/\/www.vuurroodbv.nl\/vca-opleidingen\/\"><img loading=\"lazy\" decoding=\"async\" class=\"wp-image-407 size-full alignleft\" src=\"http:\/\/www.vuurroodbv.nl\/wp-content\/uploads\/2010\/02\/vca-homepage1.jpg\" alt=\"vca-homepage\" width=\"200\" height=\"217\"><\/a>\n\n\n\n<span style=\"font-size: 12pt;\">&#8220;ALLES WAT <\/span>\n\n\n\n<span style=\"font-size: 12pt;\">ROOD IS DAAR KUNT U OP KLIKKEN VOOR MEER INFORMATIE&#8221;<\/span>\n<\/div><\/div>\n<\/div>\n<\/div>\n<\/div>\n<\/div><\/div>\n<\/div><\/div>\n","protected":false},"excerpt":{"rendered":"<p>Als het om bedrijfsveiligheid gaat, bieden wij vanuit Vuurrood Veiligheid een totaalpakket van diensten en opleidingen aan, zoals BHV en VCA. Indien u ge\u00efnteresseerd bent in \u00e9\u00e9n van deze opleidingen kunt u een volledig overzicht vinden op de website www.vuurroodbv.nl\/ <a href=\"https:\/\/www.eerstehulpinternationaal.nl\/nl\/andere-veiligheid-opleidingen\/\" class=\"read-more\">Read More &#8230;<\/a><\/p>\n","protected":false},"author":2,"featured_media":0,"parent":0,"menu_order":0,"comment_status":"closed","ping_status":"open","template":"","meta":{"_monsterinsights_skip_tracking":false,"_monsterinsights_sitenote_active":false,"_monsterinsights_sitenote_note":"","_monsterinsights_sitenote_category":0,"footnotes":""},"class_list":["post-997","page","type-page","status-publish","hentry"],"_links":{"self":[{"href":"https:\/\/www.eerstehulpinternationaal.nl\/nl\/wp-json\/wp\/v2\/pages\/997","targetHints":{"allow":["GET"]}}],"collection":[{"href":"https:\/\/www.eerstehulpinternationaal.nl\/nl\/wp-json\/wp\/v2\/pages"}],"about":[{"href":"https:\/\/www.eerstehulpinternationaal.nl\/nl\/wp-json\/wp\/v2\/types\/page"}],"author":[{"embeddable":true,"href":"https:\/\/www.eerstehulpinternationaal.nl\/nl\/wp-json\/wp\/v2\/users\/2"}],"replies":[{"embeddable":true,"href":"https:\/\/www.eerstehulpinternationaal.nl\/nl\/wp-json\/wp\/v2\/comments?post=997"}],"version-history":[{"count":14,"href":"https:\/\/www.eerstehulpinternationaal.nl\/nl\/wp-json\/wp\/v2\/pages\/997\/revisions"}],"predecessor-version":[{"id":5205,"href":"https:\/\/www.eerstehulpinternationaal.nl\/nl\/wp-json\/wp\/v2\/pages\/997\/revisions\/5205"}],"wp:attachment":[{"href":"https:\/\/www.eerstehulpinternationaal.nl\/nl\/wp-json\/wp\/v2\/media?parent=997"}],"curies":[{"name":"wp","href":"https:\/\/api.w.org\/{rel}","templated":true}]}}